{"id":2,"date":"2015-03-28T00:06:53","date_gmt":"2015-03-28T00:06:53","guid":{"rendered":"http:\/\/annariveiro.com\/es\/?page_id=2"},"modified":"2026-01-15T18:46:37","modified_gmt":"2026-01-15T17:46:37","slug":"strona-glowna","status":"publish","type":"page","link":"https:\/\/annariveiro.com\/es\/","title":{"rendered":"Main site"},"content":{"rendered":"<div id=\"pl-2\"  class=\"panel-layout\" ><div id=\"pg-2-0\"  class=\"panel-grid panel-no-style\" ><div id=\"pgc-2-0-0\"  class=\"panel-grid-cell\" ><div id=\"panel-2-0-0-0\" class=\"so-panel widget widget_black-studio-tinymce widget_black_studio_tinymce panel-first-child panel-last-child\" data-index=\"0\" ><div class=\"textwidget\"><div style=\"text-align: justify;\"><span style=\"font-size: 16px;\"><span style=\"font-size: 16px;\"><em><br \/>\nLas canciones sefard\u00edes interpretadas por Anna Riveiro han conservado un poco de la nostalgia jud\u00eda, la pasi\u00f3n espa\u0148ola y la sensualidad oriental. Le dejan a uno sumergirse en la magia del Oriente por un momento, una hora\u2026 \u00bftoda la vida?\u2026\u201d<\/em><\/span><\/span><\/div>\n<div style=\"text-align: justify;\">\u00a0<\/div>\n<div style=\"text-align: right;\"><span style=\"font-size: 14px;\">Polska The Times<em><br \/>\n<\/em><\/span><\/div>\n<div style=\"text-align: justify;\">\u00a0<\/div>\n<div style=\"text-align: justify;\"><span style=\"font-size: 16px;\"><em><br \/>\nAnna Riveiro es una de las vocalistas m\u00e1s caracter\u00edsticas de Polonia. Su voz \u00fanica, calida, de timbre oriental y diversas inspiraciones m\u00fasicas le permiten ocupar un sitio especial en la escena musical polaca y mundial.<\/em><\/span><\/div>\n<div style=\"text-align: justify;\">\u00a0<span style=\"font-size: 16px;\"> <br \/>\n<\/span><\/div>\n<div style=\"text-align: right;\">\u00a0<span style=\"font-size: 14px;\">Jazz Forum, The European Jazz Magazin<\/span><\/div>\n<div>\u00a0<\/div>\n<div>\n<div>\u00a0<\/div>\n<div style=\"text-align: justify;\"><span style=\"font-size: 16px;\"><em>Anna Riveiro is the most prominent Polish interpretatrice of the music of Sephardic Jews. ...She sings Sephardic, Hebrew, Yiddish songs. As an interpreter of Jewish songs Anna Riveiro is on an absolute top of the world!<\/em><\/span><\/div>\n<div style=\"text-align: right;\">\u00a0<\/div>\n<div style=\"text-align: right;\"><span style=\"font-size: 14px;\">Maciej Lewenstein (the author of \u201ePolish Jazz Recordings and Beyond\u201d)<\/span><\/div>\n<\/div>\n<\/div><\/div><\/div><div id=\"pgc-2-0-1\"  class=\"panel-grid-cell\" ><div id=\"panel-2-0-1-0\" class=\"so-panel widget widget_black-studio-tinymce widget_black_studio_tinymce panel-first-child panel-last-child\" data-index=\"1\" ><div class=\"textwidget\"><div>\n<div>\u00a0<\/div>\n<div><img loading=\"lazy\" decoding=\"async\" class=\"alignright size-full wp-image-3447\" src=\"https:\/\/annariveiro.com\/es\/wp-content\/uploads\/sites\/7\/Riveiro-glowna.jpg\" alt=\"\" width=\"1463\" height=\"1920\" srcset=\"https:\/\/annariveiro.com\/es\/wp-content\/uploads\/sites\/7\/Riveiro-glowna.jpg 1463w, https:\/\/annariveiro.com\/es\/wp-content\/uploads\/sites\/7\/Riveiro-glowna-229x300.jpg 229w, https:\/\/annariveiro.com\/es\/wp-content\/uploads\/sites\/7\/Riveiro-glowna-780x1024.jpg 780w, https:\/\/annariveiro.com\/es\/wp-content\/uploads\/sites\/7\/Riveiro-glowna-768x1008.jpg 768w, https:\/\/annariveiro.com\/es\/wp-content\/uploads\/sites\/7\/Riveiro-glowna-1170x1536.jpg 1170w, https:\/\/annariveiro.com\/es\/wp-content\/uploads\/sites\/7\/Riveiro-glowna-624x819.jpg 624w, https:\/\/annariveiro.com\/es\/wp-content\/uploads\/sites\/7\/Riveiro-glowna-1320x1732.jpg 1320w\" sizes=\"auto, (max-width: 1463px) 100vw, 1463px\" \/><\/div>\n<div>\u00a0<\/div>\n<div style=\"text-align: right;\">\u00a0<\/div>\n<\/div>\n<\/div><\/div><\/div><\/div><\/div>","protected":false},"excerpt":{"rendered":"<p>Las canciones sefard\u00edes interpretadas por Anna Riveiro han conservado un poco de la nostalgia jud\u00eda, la pasi\u00f3n espa\u0148ola y la sensualidad oriental. Le dejan a uno sumergirse en la magia del Oriente por un momento, una hora\u2026 \u00bftoda la vida?\u2026\u201d \u00a0 Polska The Times \u00a0 Anna Riveiro es una de las vocalistas m\u00e1s caracter\u00edsticas de [&hellip;]<\/p>\n","protected":false},"author":2,"featured_media":0,"parent":0,"menu_order":0,"comment_status":"open","ping_status":"open","template":"page-home.php","meta":{"slim_seo":{"title":"Anna Riveiro ES - M\u00fasica sefard\u00ed , jud\u00eda y espa\u00f1ola","description":"Las canciones sefard\u00edes interpretadas por Anna Riveiro han conservado un poco de la nostalgia jud\u00eda, la pasi\u00f3n espa\u0148ola y la sensualidad oriental. Le dejan a un"},"footnotes":""},"class_list":["post-2","page","type-page","status-publish","hentry","wpautop"],"_links":{"self":[{"href":"https:\/\/annariveiro.com\/es\/wp-json\/wp\/v2\/pages\/2","targetHints":{"allow":["GET"]}}],"collection":[{"href":"https:\/\/annariveiro.com\/es\/wp-json\/wp\/v2\/pages"}],"about":[{"href":"https:\/\/annariveiro.com\/es\/wp-json\/wp\/v2\/types\/page"}],"author":[{"embeddable":true,"href":"https:\/\/annariveiro.com\/es\/wp-json\/wp\/v2\/users\/2"}],"replies":[{"embeddable":true,"href":"https:\/\/annariveiro.com\/es\/wp-json\/wp\/v2\/comments?post=2"}],"version-history":[{"count":12,"href":"https:\/\/annariveiro.com\/es\/wp-json\/wp\/v2\/pages\/2\/revisions"}],"predecessor-version":[{"id":3957,"href":"https:\/\/annariveiro.com\/es\/wp-json\/wp\/v2\/pages\/2\/revisions\/3957"}],"wp:attachment":[{"href":"https:\/\/annariveiro.com\/es\/wp-json\/wp\/v2\/media?parent=2"}],"curies":[{"name":"wp","href":"https:\/\/api.w.org\/{rel}","templated":true}]}}