{"id":45,"date":"2015-03-30T01:34:12","date_gmt":"2015-03-29T23:34:12","guid":{"rendered":"http:\/\/annariveiro.com\/es\/?page_id=45"},"modified":"2015-07-11T20:39:18","modified_gmt":"2015-07-11T18:39:18","slug":"media","status":"publish","type":"page","link":"https:\/\/annariveiro.com\/es\/media\/","title":{"rendered":"Medios"},"content":{"rendered":"<div id=\"pl-45\"  class=\"panel-layout\" ><div id=\"pg-45-0\"  class=\"panel-grid panel-no-style\" ><div id=\"pgc-45-0-0\"  class=\"panel-grid-cell\" ><div id=\"panel-45-0-0-0\" class=\"so-panel widget widget_black-studio-tinymce widget_black_studio_tinymce panel-first-child panel-last-child\" data-index=\"0\" ><div class=\"textwidget\"><div><em><span style=\"color: #ffff99;\"><img loading=\"lazy\" decoding=\"async\" class=\"  wp-image-642 alignnone\" src=\"http:\/\/annariveiro.com\/wp-content\/uploads\/ar3.jpg\" alt=\"Anna\" width=\"466\" height=\"323\" \/><\/span><\/em><\/div>\n<div style=\"text-align: left;\"><em><span style=\"font-size: 12px;\">fot. Radek Rosi\u0144ski<\/span><\/em><\/div>\n<\/div><\/div><\/div><div id=\"pgc-45-0-1\"  class=\"panel-grid-cell\" ><div id=\"panel-45-0-1-0\" class=\"so-panel widget widget_black-studio-tinymce widget_black_studio_tinymce panel-first-child panel-last-child\" data-index=\"1\" ><div class=\"textwidget\"><div style=\"text-align: justify\"><em><span style=\"color: #ffff99\">Anna Riveiro es una de las vocalistas m\u00e1s caracter\u00edsticos de Polonia. Su voz \u00fanico, calido, de timbre oriental y diversas inspiraciones m\u00fasicas le permiten ocupar un sitio especial en la escena musical polaca y mundial..<\/span><br \/> <\/em>Jazz Forum, The European Jazz Magazin, 2013<\/div>\n<div style=\"text-align: justify\">\u00a0<\/div>\n<div style=\"text-align: justify\"><em><span style=\"color: #ffff99\">A veces la concordancia de la voz con diferentes sonidos de los instrumentos parec\u00eda una conversaci\u00f3n \u00edntima, otra vez fue como un volcan energ\u00e9rico brotado del centro de la sinagoga que conmov\u00eda el numeroso publico\u2026<br \/> <em>Las extraordinarias posibilidades vocales de Anna Riveiro y la maestr\u00eda de los m\u00fasicos fueron una verdadera fiesta para los amantes de la musica exceptional.<\/em>.<\/span><br \/><\/em>Krzysztof Sadowski, el Presidente de la Asociaci\u00f3n Polaca de Jazz<br \/> rese\u0148a del concierto en el 54 Festival Jazz Jamboree 2012<\/div>\n<div><em><a href=\"http:\/\/annariveiro.com\/en\/wp-content\/uploads\/sites\/3\/Krzysztof-Sadowski_ang_2012-Jazz-Jamboree-Riveiro.pdf\">lee mas en ingles (pdf)<\/a><\/em><\/div>\n<\/div><\/div><\/div><\/div><div id=\"pg-45-1\"  class=\"panel-grid panel-no-style\" ><div id=\"pgc-45-1-0\"  class=\"panel-grid-cell\" ><div id=\"panel-45-1-0-0\" class=\"so-panel widget widget_black-studio-tinymce widget_black_studio_tinymce panel-first-child panel-last-child\" data-index=\"2\" ><h3 class=\"widget-title\">FRAGMENTOS DE LAS RESE\u00d1AS DEL CD<\/h3><div class=\"textwidget\"><div style=\"text-align: justify\"><span style=\"font-size: 14px\"><a href=\"http:\/\/annariveiro.com\/es\/discography\/lunas-olvidadas-sephardic-songs\/\" target=\"\"><span style=\"text-decoration: underline\"><strong>LUNAS OLVIDADAS \u2013 Cantos sefardies<\/strong><\/span><\/a><br \/><span style=\"color: #ffff99\"><em>Las canciones sefard\u00edes interpretadas por Anna Jagielskia-Riveiro han conservado un poco de la nostalgia jud\u00eda, la pasi\u00f3n espa\u0148ola y la sensualidad oriental. Le dejan a uno sumergirse en la magia del Oriente por un momento, una hora\u2026 \u00bftoda la vida?\u2026<\/em><\/span><br \/>Polska The Times nr 41, 2009<\/span><\/div>\n<div>\u00a0<\/div>\n<div><span style=\"color: #ffff99\"><em>\u2026es un placer dejarse llevar por la voz mel\u00edflua de Jagielska-Riveiro y las emotivas notas de sus m\u00fasicos. Digamos que \u201ccarga las pilas\u201d y nos reconcilia con el mundo.<\/em><\/span><br \/>Rafael Robles, 2009<\/p>\n<div style=\"text-align: justify\">\u00a0<\/div>\n<div style=\"text-align: justify\"><span style=\"font-size: 14px\"><strong><em>Programa de la Radio SEFARAD (radiosefarad.com) sobre el CD: \u201cLUNAS OLVIDADAS \u2013 cantos sefardies\u201d<\/em><\/strong><\/span><\/div>\n<div style=\"text-align: justify\">\u00a0<\/div>\n<div>\n<div>\n<p><audio class=\"wp-audio-shortcode\" id=\"audio-45-1\" preload=\"none\" style=\"width: 100%;\" controls=\"controls\"><source type=\"audio\/mpeg\" src=\"http:\/\/annariveiro.com\/wp-content\/uploads\/A11062009musicasefardi1.mp3?_=1\" \/><a href=\"http:\/\/annariveiro.com\/wp-content\/uploads\/A11062009musicasefardi1.mp3\">http:\/\/annariveiro.com\/wp-content\/uploads\/A11062009musicasefardi1.mp3<\/a><\/audio><\/p>\n<\/div>\n<\/div>\n<\/div>\n<\/div><\/div><\/div><div id=\"pgc-45-1-1\"  class=\"panel-grid-cell\" ><div id=\"panel-45-1-1-0\" class=\"so-panel widget widget_black-studio-tinymce widget_black_studio_tinymce panel-first-child panel-last-child\" data-index=\"3\" ><div class=\"textwidget\"><div style=\"text-align: justify\"><strong>ANNA JAGIELSKA-RIVEIRO \u2013 LA VOZ POLACA DE SEFARAD<\/strong><br \/> <em style=\"text-align: justify\"><span style=\"color: #ffff99\">eSefarad Noticias del Mundo Sefaradi<\/span><\/em><\/div>\n<div style=\"text-align: justify\"><em><a href=\"http:\/\/esefarad.com\/?p=38797\" target=\"\">lee mas<\/a><\/em><\/div>\n<div style=\"text-align: justify\">\u00a0<\/div>\n<div style=\"text-align: justify\">\n<div style=\"text-align: justify\"><strong>Concierto \u201eUNA MATICA DE RUDA \u2013 Cantos sefardies\u201d en el Festival San Miguel Cantador (Mexico), 2012<\/strong><br \/><em><span style=\"color: #ffff99\">\u2026canciones populares de amor, cantos de cunas o de celebraciones tradicionales se lucen con la tesitura c\u00e1lida de la cantante Anna Jagielska-Riveiro..<\/span><\/em><\/div>\n<div style=\"text-align: justify\"><em><a href=\"https:\/\/sanmiguelcantador.wordpress.com\/2011\/11\/29\/anna-jagielska-riveiro\/\" target=\"\">lee mas<\/a><\/em><\/div>\n<div>\u00a0<img loading=\"lazy\" decoding=\"async\" class=\"  wp-image-258 alignright\" src=\"http:\/\/annariveiro.com\/wp-content\/uploads\/2015\/03\/Anna-Riveiro-vocal-721x1024.jpg\" alt=\"Anna Riveiro vocal\" width=\"279\" height=\"392\" \/><\/div>\n<\/div>\n<div style=\"text-align: justify\">\n<div style=\"text-align: right\">\u00a0<\/div>\n<div style=\"text-align: right\">\u00a0<\/div>\n<div style=\"text-align: right\">\u00a0<\/div>\n<div style=\"text-align: right\">\u00a0<\/div>\n<div style=\"text-align: right\">\u00a0<\/div>\n<div style=\"text-align: right\">\u00a0<\/div>\n<div style=\"text-align: right\">\u00a0<\/div>\n<div style=\"text-align: right\">\u00a0<\/div>\n<div style=\"text-align: right\">\u00a0<\/div>\n<div style=\"text-align: right\">\u00a0<\/div>\n<div style=\"text-align: right\">\u00a0<\/div>\n<div style=\"text-align: right\">\u00a0<\/div>\n<div style=\"text-align: right\">\u00a0<\/div>\n<div style=\"text-align: right\">\u00a0<\/div>\n<div style=\"text-align: right\">\u00a0<\/div>\n<div style=\"text-align: right\">\u00a0<\/div>\n<div style=\"text-align: right\"><span style=\"font-size: 12px\"><em>fot. Radek Rosi\u0144ski<br \/><\/em><\/span><\/div>\n<\/div>\n<\/div><\/div><\/div><\/div><\/div>","protected":false},"excerpt":{"rendered":"<p>fot. Radek Rosi\u0144ski Anna Riveiro es una de las vocalistas m\u00e1s caracter\u00edsticos de Polonia. Su voz \u00fanico, calido, de timbre oriental y diversas inspiraciones m\u00fasicas le permiten ocupar un sitio especial en la escena musical polaca y mundial.. Jazz Forum, The European Jazz Magazin, 2013\u00a0A veces la concordancia de la voz con diferentes sonidos de [&hellip;]<\/p>\n","protected":false},"author":1,"featured_media":0,"parent":0,"menu_order":0,"comment_status":"open","ping_status":"open","template":"page-media.php","meta":{"slim_seo":{"title":"Medios - Anna Riveiro ES","description":"fot. Radek Rosi\u0144ski Anna Riveiro es una de las vocalistas m\u00e1s caracter\u00edsticos de Polonia. Su voz \u00fanico, calido, de timbre oriental y diversas inspiraciones m\u00fasi"},"footnotes":""},"class_list":["post-45","page","type-page","status-publish","hentry","wpautop"],"_links":{"self":[{"href":"https:\/\/annariveiro.com\/es\/wp-json\/wp\/v2\/pages\/45","targetHints":{"allow":["GET"]}}],"collection":[{"href":"https:\/\/annariveiro.com\/es\/wp-json\/wp\/v2\/pages"}],"about":[{"href":"https:\/\/annariveiro.com\/es\/wp-json\/wp\/v2\/types\/page"}],"author":[{"embeddable":true,"href":"https:\/\/annariveiro.com\/es\/wp-json\/wp\/v2\/users\/1"}],"replies":[{"embeddable":true,"href":"https:\/\/annariveiro.com\/es\/wp-json\/wp\/v2\/comments?post=45"}],"version-history":[{"count":12,"href":"https:\/\/annariveiro.com\/es\/wp-json\/wp\/v2\/pages\/45\/revisions"}],"predecessor-version":[{"id":2368,"href":"https:\/\/annariveiro.com\/es\/wp-json\/wp\/v2\/pages\/45\/revisions\/2368"}],"wp:attachment":[{"href":"https:\/\/annariveiro.com\/es\/wp-json\/wp\/v2\/media?parent=45"}],"curies":[{"name":"wp","href":"https:\/\/api.w.org\/{rel}","templated":true}]}}