{"id":49,"date":"2015-03-30T01:34:38","date_gmt":"2015-03-29T23:34:38","guid":{"rendered":"http:\/\/annariveiro.com\/es\/?page_id=49"},"modified":"2021-01-14T23:58:13","modified_gmt":"2021-01-14T22:58:13","slug":"contact","status":"publish","type":"page","link":"https:\/\/annariveiro.com\/es\/contact\/","title":{"rendered":"Contacto"},"content":{"rendered":"<div id=\"pl-49\"  class=\"panel-layout\" ><div id=\"pg-49-0\"  class=\"panel-grid panel-no-style\" ><div id=\"pgc-49-0-0\"  class=\"panel-grid-cell\" ><div id=\"panel-49-0-0-0\" class=\"so-panel widget widget_black-studio-tinymce widget_black_studio_tinymce panel-first-child panel-last-child\" data-index=\"0\" ><div class=\"textwidget\"><div><img loading=\"lazy\" decoding=\"async\" class=\"alignnone wp-image-153\" src=\"https:\/\/annariveiro.com\/wp-content\/uploads\/2015\/03\/contact2.jpg\" alt=\"contact\" width=\"467\" height=\"417\" \/><\/div>\n<div class=\"photoCopyright\"><em><span style=\"font-size: 12px;\">fot. Piotr Szymanik<\/span><\/em><\/div>\n<div>\u00a0<\/div>\n<div class=\"fb-page\" data-href=\"https:\/\/www.facebook.com\/annariveiro\" data-small-header=\"false\" data-adapt-container-width=\"true\" data-hide-cover=\"false\" data-show-facepile=\"true\">\n<blockquote class=\"fb-xfbml-parse-ignore\" cite=\"https:\/\/www.facebook.com\/annariveiro\">\n<p><a href=\"https:\/\/www.facebook.com\/annariveiro\">Anna Riveiro<\/a><\/p>\n<\/blockquote>\n<\/div>\n <br \/> <br \/>\n<div>\n<iframe loading=\"lazy\" src=\"https:\/\/open.spotify.com\/embed\/artist\/5CtJRL6rlqRFGafW1JMHEh\" width=\"300\" height=\"80\" frameborder=\"0\" allowtransparency=\"true\" allow=\"encrypted-media\"><\/iframe>\n<\/div><\/div><\/div><\/div><div id=\"pgc-49-0-1\"  class=\"panel-grid-cell\" ><div id=\"panel-49-0-1-0\" class=\"so-panel widget widget_black-studio-tinymce widget_black_studio_tinymce panel-first-child panel-last-child\" data-index=\"1\" ><div class=\"textwidget\"><p class=\"Rleft\">Estare encantada de recibir mensajes en<span id=\"result_box\" class=\"short_text\" lang=\"es\"> Espa\u00f1ol, Ingl\u00e9s y Franc\u00e9s. <span class=\"\">Gracias.<\/span><\/span><\/p>\n<div>\n<div class=\"wpcf7 no-js\" id=\"wpcf7-f2181-o1\" lang=\"pl-PL\" dir=\"ltr\" data-wpcf7-id=\"2181\">\n<div class=\"screen-reader-response\"><p role=\"status\" aria-live=\"polite\" aria-atomic=\"true\"><\/p> <ul><\/ul><\/div>\n<form action=\"\/es\/wp-json\/wp\/v2\/pages\/49#wpcf7-f2181-o1\" method=\"post\" class=\"wpcf7-form init\" aria-label=\"Formularz kontaktowy\" novalidate=\"novalidate\" data-status=\"init\">\n<fieldset class=\"hidden-fields-container\"><input type=\"hidden\" name=\"_wpcf7\" value=\"2181\" \/><input type=\"hidden\" name=\"_wpcf7_version\" value=\"6.1.5\" \/><input type=\"hidden\" name=\"_wpcf7_locale\" value=\"pl_PL\" \/><input type=\"hidden\" name=\"_wpcf7_unit_tag\" value=\"wpcf7-f2181-o1\" \/><input type=\"hidden\" name=\"_wpcf7_container_post\" value=\"0\" \/><input type=\"hidden\" name=\"_wpcf7_posted_data_hash\" value=\"\" \/><input type=\"hidden\" name=\"_wpcf7_recaptcha_response\" value=\"\" \/>\n<\/fieldset>\n<h3>Contacto con Anna Riveiro:\n<\/h3>\n<p><span id=\"wpcf7-69d1e3ebacb43-wrapper\" class=\"wpcf7-form-control-wrap specialClass-326-wrap\" style=\"display:none !important; visibility:hidden !important;\"><label for=\"wpcf7-69d1e3ebacb43-field\" class=\"hp-message\">Please leave this field empty.<\/label><input id=\"wpcf7-69d1e3ebacb43-field\"  class=\"wpcf7-form-control wpcf7-text\" type=\"text\" name=\"specialClass-326\" value=\"\" size=\"40\" tabindex=\"-1\" autocomplete=\"new-password\" \/><\/span><br \/>\n<label>Tu nombre (requerido)<\/label>\n<\/p>\n<div>\n\t<p><span class=\"wpcf7-form-control-wrap\" data-name=\"your-name\"><input size=\"40\" maxlength=\"400\" class=\"wpcf7-form-control wpcf7-text wpcf7-validates-as-required\" aria-required=\"true\" aria-invalid=\"false\" value=\"\" type=\"text\" name=\"your-name\" \/><\/span>\n\t<\/p>\n<\/div>\n<p><br style=\"clear: both;\" \/><br \/>\n<label>Tu correo electr\u00f3nico (requerido)<\/label>\n<\/p>\n<div>\n\t<p><span class=\"wpcf7-form-control-wrap\" data-name=\"your-email\"><input size=\"40\" maxlength=\"400\" class=\"wpcf7-form-control wpcf7-email wpcf7-validates-as-required wpcf7-text wpcf7-validates-as-email\" aria-required=\"true\" aria-invalid=\"false\" value=\"\" type=\"email\" name=\"your-email\" \/><\/span>\n\t<\/p>\n<\/div>\n<p><br style=\"clear: both;\" \/><br \/>\n<label>Su n\u00famero de tel\u00e9fono<\/label>\n<\/p>\n<div>\n\t<p><span class=\"wpcf7-form-control-wrap\" data-name=\"tel-895\"><input size=\"40\" maxlength=\"400\" class=\"wpcf7-form-control wpcf7-tel wpcf7-text wpcf7-validates-as-tel\" aria-invalid=\"false\" value=\"\" type=\"tel\" name=\"tel-895\" \/><\/span>\n\t<\/p>\n<\/div>\n<p><br style=\"clear: both;\" \/><br \/>\n<label>Tema:<\/label>\n<\/p>\n<div>\n\t<p><span class=\"wpcf7-form-control-wrap\" data-name=\"your-subject\"><input size=\"40\" maxlength=\"400\" class=\"wpcf7-form-control wpcf7-text wpcf7-validates-as-required\" aria-required=\"true\" aria-invalid=\"false\" value=\"\" type=\"text\" name=\"your-subject\" \/><\/span>\n\t<\/p>\n<\/div>\n<p><br style=\"clear: both;\" \/><br \/>\n<label>Tu mensaje<\/label>\n<\/p>\n<div>\n\t<p><span class=\"wpcf7-form-control-wrap\" data-name=\"your-message\"><textarea cols=\"40\" rows=\"10\" maxlength=\"2000\" class=\"wpcf7-form-control wpcf7-textarea\" aria-invalid=\"false\" name=\"your-message\"><\/textarea><\/span>\n\t<\/p>\n<\/div>\n<p><br style=\"clear: both;\" \/>\n<\/p>\n<div>\n\t<p><span class=\"wpcf7-form-control-wrap\" data-name=\"acceptance-914\"><span class=\"wpcf7-form-control wpcf7-acceptance\"><span class=\"wpcf7-list-item\"><label><input type=\"checkbox\" name=\"acceptance-914\" value=\"1\" aria-invalid=\"false\" \/><span class=\"wpcf7-list-item-label\">Al completar el formulario, acepto el procesamiento de los datos personales proporcionados en el mismo con el fin de procesar correctamente mi solicitud. El administrador de datos es RIVEIRO Music & Design con sede en Varsovia. Tengo el derecho de modificar, inspeccionar y solicitar el cese del procesamiento de mis datos personales.<\/span><\/label><\/span><\/span><\/span>\n\t<\/p>\n<\/div>\n<p><br style=\"clear: both;\" \/><br \/>\n<br style=\"clear: both;\" \/>\n<\/p>\n<div>\n\t<p><input class=\"wpcf7-form-control wpcf7-submit has-spinner\" type=\"submit\" value=\"Enviar\" \/>\n\t<\/p>\n<\/div><input type='hidden' class='wpcf7-pum' value='{\"closepopup\":false,\"closedelay\":0,\"openpopup\":false,\"openpopup_id\":0}' \/><div class=\"wpcf7-response-output\" aria-hidden=\"true\"><\/div>\n<\/form>\n<\/div>\n<\/div>\n<\/div><\/div><\/div><\/div><\/div>","protected":false},"excerpt":{"rendered":"<p>fot. Piotr Szymanik \u00a0 Anna Riveiro Estare encantada de recibir mensajes en Espa\u00f1ol, Ingl\u00e9s y Franc\u00e9s. Gracias.<\/p>\n","protected":false},"author":2,"featured_media":0,"parent":0,"menu_order":0,"comment_status":"open","ping_status":"open","template":"page-templates\/full-width.php","meta":{"slim_seo":{"title":"Contacto - Anna Riveiro ES","description":"fot. Piotr Szymanik \u00a0 Anna Riveiro Estare encantada de recibir mensajes en Espa\u00f1ol, Ingl\u00e9s y Franc\u00e9s. Gracias. Contacto con Anna Riveiro: Please leave this fiel"},"footnotes":""},"class_list":["post-49","page","type-page","status-publish","hentry","wpautop"],"_links":{"self":[{"href":"https:\/\/annariveiro.com\/es\/wp-json\/wp\/v2\/pages\/49","targetHints":{"allow":["GET"]}}],"collection":[{"href":"https:\/\/annariveiro.com\/es\/wp-json\/wp\/v2\/pages"}],"about":[{"href":"https:\/\/annariveiro.com\/es\/wp-json\/wp\/v2\/types\/page"}],"author":[{"embeddable":true,"href":"https:\/\/annariveiro.com\/es\/wp-json\/wp\/v2\/users\/2"}],"replies":[{"embeddable":true,"href":"https:\/\/annariveiro.com\/es\/wp-json\/wp\/v2\/comments?post=49"}],"version-history":[{"count":13,"href":"https:\/\/annariveiro.com\/es\/wp-json\/wp\/v2\/pages\/49\/revisions"}],"predecessor-version":[{"id":3563,"href":"https:\/\/annariveiro.com\/es\/wp-json\/wp\/v2\/pages\/49\/revisions\/3563"}],"wp:attachment":[{"href":"https:\/\/annariveiro.com\/es\/wp-json\/wp\/v2\/media?parent=49"}],"curies":[{"name":"wp","href":"https:\/\/api.w.org\/{rel}","templated":true}]}}