{"id":55,"date":"2015-03-30T01:35:37","date_gmt":"2015-03-29T23:35:37","guid":{"rendered":"http:\/\/annariveiro.com\/es\/?page_id=55"},"modified":"2018-04-25T20:32:48","modified_gmt":"2018-04-25T18:32:48","slug":"talleres-vocales","status":"publish","type":"page","link":"https:\/\/annariveiro.com\/es\/talleres-vocales\/","title":{"rendered":"talleres vocales"},"content":{"rendered":"<div id=\"pl-55\"  class=\"panel-layout\" ><div id=\"pg-55-0\"  class=\"panel-grid panel-no-style\" ><div id=\"pgc-55-0-0\"  class=\"panel-grid-cell\" ><div id=\"panel-55-0-0-0\" class=\"so-panel widget widget_black-studio-tinymce widget_black_studio_tinymce panel-first-child panel-last-child\" data-index=\"0\" ><h3 class=\"widget-title\">Talleres de las canciones sefard\u00edes<\/h3><div class=\"textwidget\"><\/div><\/div><\/div><\/div><div id=\"pg-55-1\"  class=\"panel-grid panel-no-style\" ><div id=\"pgc-55-1-0\"  class=\"panel-grid-cell\" ><div id=\"panel-55-1-0-0\" class=\"so-panel widget widget_black-studio-tinymce widget_black_studio_tinymce panel-first-child panel-last-child\" data-index=\"1\" ><div class=\"textwidget\"><div style=\"text-align: justify\"><strong><em><a href=\"http:\/\/annariveiro.com\/warsztaty-wokalne\/cantos-de-sefarad\/\">CANTOS DE SEFARAD - TALLER VOCAL DE LOS CANTOS SEFARADIS<\/a><\/em><\/strong><\/div>\n<div style=\"text-align: justify\"><strong>Varsovia:<\/strong><\/div>\n<div style=\"text-align: justify\"><strong>24 de Octubre 2015<\/strong><\/div>\n<div style=\"text-align: justify\"><strong>21 de Noviembre 2015<\/strong><\/div>\n<div style=\"text-align: justify\"><strong>12 de Diciembre 2015<\/strong><\/div>\n<div style=\"text-align: justify\">\u00a0<\/div>\n<div style=\"text-align: justify\"><em><a href=\"http:\/\/annariveiro.com\/warsztaty-wokalne\/cantos-de-sefarad\/\">Lee mas...<\/a><\/em><\/div>\n<div style=\"text-align: justify\">\u00a0<\/div>\n<div style=\"text-align: justify\">******<\/div>\n<div style=\"text-align: justify\">\u00a0<\/div>\n<div style=\"text-align: justify\"><span style=\"font-size: 14px\">Se puede organizar tambien el taller para todos: las personas que tienen experiencia en el canto, as\u00ed como para los que quieren cantar por la primera vez (el conocimiento de las notas o del idioma ladino o espa\u0148ol no es necesario). Pienso que cada uno podr\u00e1 aprender algo interesante para si mismo porque las canciones sefard\u00edes dan una posibilidad de expresar libremente sus emociones y la voz. Adem\u00e1s, el objetivo del taller es dar m\u00e1s detalles de la historia de la m\u00fasica sefard\u00ed \u2013 es un tipo de recorrido musical desde la edad media hasta el d\u00eda de hoy\u2026<\/span><\/div>\n<div style=\"text-align: justify\">\u00a0<\/div>\n<div style=\"text-align: justify\">\n<div><span style=\"font-size: 14px\"><strong>Talleres vocales pueden ser realcionados al programa del concierto \u2013 despu\u00e9s de cada concierto hay una posibilidad de dirigir un corto taller de canto \/ ense\u0148ar las canciones para el p\u00fablico.<\/strong><\/span><\/div>\n<div>\u00a0<\/div>\n<div><span style=\"font-size: 14px\"><strong>Tambi\u00e9n se puede organizar un taller independiente m\u00e1s largo de canciones sefard\u00edes, jud\u00edas o espa\u0148olas.<\/strong><\/span><\/div>\n<\/div>\n<\/div><\/div><\/div><div id=\"pgc-55-1-1\"  class=\"panel-grid-cell\" ><div id=\"panel-55-1-1-0\" class=\"so-panel widget widget_black-studio-tinymce widget_black_studio_tinymce panel-first-child panel-last-child\" data-index=\"2\" ><div class=\"textwidget\"><div style=\"text-align: right;\"><span style=\"font-size: 12px;\"><em>\u00a0<\/em><\/span><img loading=\"lazy\" decoding=\"async\" class=\"wp-image-1595 alignnone\" src=\"http:\/\/annariveiro.com\/wp-content\/uploads\/lekcje-spiewu-3.jpg\" alt=\"lekcje-spiewu-3\" width=\"423\" height=\"337\" \/><\/div>\n<div style=\"text-align: right;\">\u00a0<span style=\"font-size: 12px;\"><em>fot. Radek Rosi\u0144ski<br \/><\/em><\/span><\/div>\n<\/div><\/div><\/div><\/div><div id=\"pg-55-2\"  class=\"panel-grid panel-no-style\" ><div id=\"pgc-55-2-0\"  class=\"panel-grid-cell\" ><div id=\"panel-55-2-0-0\" class=\"so-panel widget widget_black-studio-tinymce widget_black_studio_tinymce panel-first-child panel-last-child\" data-index=\"3\" ><div class=\"textwidget\"><div>\u00a0<\/div>\n<div><img loading=\"lazy\" decoding=\"async\" class=\"  wp-image-1667 alignnone\" src=\"http:\/\/annariveiro.com\/wp-content\/uploads\/zielona_z_gitara1.jpg\" alt=\"zielona_z_gitara\" width=\"416\" height=\"297\" \/><\/div>\n<div><span style=\"font-size: 12px;\"><em>fot. Krzysztof Bielawski<\/em><\/span><\/div>\n<div>\u00a0<\/div>\n<\/div><\/div><\/div><div id=\"pgc-55-2-1\"  class=\"panel-grid-cell\" ><div id=\"panel-55-2-1-0\" class=\"so-panel widget widget_black-studio-tinymce widget_black_studio_tinymce panel-first-child panel-last-child\" data-index=\"4\" ><div class=\"textwidget\"><div style=\"text-align: justify\"><span style=\"font-size: 14px;color: #ffff99\">Durante el taller les propongo:<\/span><\/div>\n<div style=\"text-align: justify\"><span style=\"font-size: 14px\">\u2013 hacer ejercicios de emisi\u00f3n y de respiraci\u00f3n<br \/>\u2013 aprender canciones del c\u00edrculo de la cultura sefard\u00ed<br \/>\u2013 hacer ejercicios relacionados al ritmo y adornos as\u00ed como a la expresi\u00f3n caracter\u00edstica para la m\u00fasica sefard\u00ed<br \/>\u2013 escuchar diferentes versiones de las piezas de la m\u00fasica sefard\u00ed prestando atenci\u00f3n a diversos posibilidades de interpretarlas, arreglarlas y utilizar los instrumentos<\/span><\/div>\n<div style=\"text-align: justify\">\u00a0<\/div>\n<div style=\"text-align: justify\"><span style=\"color: #ffff99\">Talleres vocales \u2013 descripci\u00f3n general<\/span><\/p>\n<div style=\"text-align: justify\"><span style=\"font-size: 14px\"><a href=\"http:\/\/annariveiro.com\/en\/vocal-workshops\/\" target=\"\">Lee m\u00e1s en ingles\u2026<\/a><br \/><\/span><\/div>\n<\/div>\n<\/div><\/div><\/div><\/div><\/div>","protected":false},"excerpt":{"rendered":"<p>CANTOS DE SEFARAD &#8211; TALLER VOCAL DE LOS CANTOS SEFARADISVarsovia:24 de Octubre 201521 de Noviembre 201512 de Diciembre 2015\u00a0Lee mas&#8230;\u00a0******\u00a0Se puede organizar tambien el taller para todos: las personas que tienen experiencia en el canto, as\u00ed como para los que quieren cantar por la primera vez (el conocimiento de las notas o del idioma ladino [&hellip;]<\/p>\n","protected":false},"author":2,"featured_media":0,"parent":0,"menu_order":0,"comment_status":"open","ping_status":"open","template":"page-warszaty.php","meta":{"slim_seo":{"title":"talleres vocales - Anna Riveiro ES","description":"Talleres de las canciones sefard\u00edes CANTOS DE SEFARAD - TALLER VOCAL DE LOS CANTOS SEFARADIS Varsovia: 24 de Octubre 2015 21 de Noviembre 2015 12 de Diciembre 2"},"footnotes":""},"class_list":["post-55","page","type-page","status-publish","hentry","wpautop"],"_links":{"self":[{"href":"https:\/\/annariveiro.com\/es\/wp-json\/wp\/v2\/pages\/55","targetHints":{"allow":["GET"]}}],"collection":[{"href":"https:\/\/annariveiro.com\/es\/wp-json\/wp\/v2\/pages"}],"about":[{"href":"https:\/\/annariveiro.com\/es\/wp-json\/wp\/v2\/types\/page"}],"author":[{"embeddable":true,"href":"https:\/\/annariveiro.com\/es\/wp-json\/wp\/v2\/users\/2"}],"replies":[{"embeddable":true,"href":"https:\/\/annariveiro.com\/es\/wp-json\/wp\/v2\/comments?post=55"}],"version-history":[{"count":11,"href":"https:\/\/annariveiro.com\/es\/wp-json\/wp\/v2\/pages\/55\/revisions"}],"predecessor-version":[{"id":2541,"href":"https:\/\/annariveiro.com\/es\/wp-json\/wp\/v2\/pages\/55\/revisions\/2541"}],"wp:attachment":[{"href":"https:\/\/annariveiro.com\/es\/wp-json\/wp\/v2\/media?parent=55"}],"curies":[{"name":"wp","href":"https:\/\/api.w.org\/{rel}","templated":true}]}}