{"id":57,"date":"2015-03-30T01:35:55","date_gmt":"2015-03-29T23:35:55","guid":{"rendered":"http:\/\/annariveiro.com\/es\/?page_id=57"},"modified":"2018-04-30T00:28:20","modified_gmt":"2018-04-29T22:28:20","slug":"sephardic-music","status":"publish","type":"page","link":"https:\/\/annariveiro.com\/es\/sephardic-music\/","title":{"rendered":"musica sefardi"},"content":{"rendered":"<div id=\"pl-57\"  class=\"panel-layout\" ><div id=\"pg-57-0\"  class=\"panel-grid panel-no-style\" ><div id=\"pgc-57-0-0\"  class=\"panel-grid-cell\" ><div id=\"panel-57-0-0-0\" class=\"so-panel widget widget_black-studio-tinymce widget_black_studio_tinymce panel-first-child panel-last-child\" data-index=\"0\" ><div class=\"textwidget\"><div style=\"text-align: justify\"><span style=\"font-size: 14px\"><span style=\"font-size: 20px;color: #ffff99\">La m\u00fasica sefard\u00ed <\/span>es la m\u00fasica de los jud\u00edos que en la Edad Media viv\u00edan en la Pen\u00ednsula Ib\u00e9rica. Proviene de la Espa\u0148a Medieval, o Sefarad, como se llamaba en hebreo.<\/span><\/div>\n<div style=\"text-align: justify\">\u00a0<\/div>\n<div style=\"text-align: justify\"><span style=\"font-size: 14px\">The end of the Musulman reign on the Peninsula (at the end of XVth century) and the expultion of Sephardi Jews was the cause why people emigrating from Spain took with them musical tradition from many centuries before. It has been preserved in oral way till today \u2013 it is still performed in the regions where those emigrants setlled down.<\/span><\/div>\n<div style=\"text-align: justify\">\u00a0<\/div>\n<div style=\"text-align: justify\"><span style=\"font-size: 14px\">That is why Sephardic music is also influenced by music of the countries in which Sephardic Jews started to live after the expultion (mainly in the basin of the Mediterranean Sea).<\/span><\/div>\n<\/div><\/div><\/div><div id=\"pgc-57-0-1\"  class=\"panel-grid-cell\" ><div id=\"panel-57-0-1-0\" class=\"so-panel widget widget_black-studio-tinymce widget_black_studio_tinymce panel-first-child panel-last-child\" data-index=\"1\" ><div class=\"textwidget\"><div style=\"text-align: right;\"><a href=\"http:\/\/annariveiro.com\/wp-content\/uploads\/2015\/03\/muzyka-sefardyjska2.jpg\"><img loading=\"lazy\" decoding=\"async\" class=\"  wp-image-333 alignnone\" src=\"http:\/\/annariveiro.com\/wp-content\/uploads\/2015\/03\/muzyka-sefardyjska2-300x199.jpg\" alt=\"muzyka-sefardyjska2\" width=\"412\" height=\"267\" \/><\/a><em>\u00a0<\/em><\/div>\n<div style=\"text-align: right;\"><em>\u00a0 <span style=\"font-size: 12px;\">fot. Piotr Szymanik<\/span><\/em><\/div>\n<\/div><\/div><\/div><\/div><div id=\"pg-57-1\"  class=\"panel-grid panel-no-style\" ><div id=\"pgc-57-1-0\"  class=\"panel-grid-cell\" ><div id=\"panel-57-1-0-0\" class=\"so-panel widget widget_black-studio-tinymce widget_black_studio_tinymce panel-first-child panel-last-child\" data-index=\"2\" ><div class=\"textwidget\"><div style=\"text-align: left;\"><img loading=\"lazy\" decoding=\"async\" class=\"  wp-image-477 alignnone\" src=\"http:\/\/annariveiro.com\/wp-content\/uploads\/2015\/03\/muzyka-sefardyjska1-200x300.jpg\" alt=\"muzyka-sefardyjska1\" width=\"266\" height=\"331\" \/><\/div>\n<div style=\"text-align: left;\"><span style=\"font-size: 12px;\"><em>fot. Piotr Szymanik<\/em><\/span><\/div>\n<\/div><\/div><\/div><div id=\"pgc-57-1-1\"  class=\"panel-grid-cell\" ><div id=\"panel-57-1-1-0\" class=\"so-panel widget widget_black-studio-tinymce widget_black_studio_tinymce panel-first-child panel-last-child\" data-index=\"3\" ><div class=\"textwidget\"><div style=\"text-align: justify\">Gracias a esta historia muy complicada existe una posibilidad de interpretar la m\u00fasica sefard\u00ed en estilos completamente diferentes que se refieren tanto a sus raices medievales como a su car\u00e1cter popular, que en muchos paises es una tradici\u00f3n viva.<\/div>\n<div style=\"text-align: justify\">\u00a0<\/div>\n<div style=\"text-align: justify\"><em><strong>\"Desde hace muchos a\u0148os la m\u00fasica sefard\u00ed ocupa el primer lugar en mi creaci\u00f3n art\u00edstica y comparto esta pasi\u00f3n con mucho gusto tanto durante los conciertos como cuando dirijo talleres\".<\/strong><\/em><\/div>\n<div style=\"text-align: justify\">\u00a0<\/div>\n<div style=\"text-align: justify\">Por favor, ven las proposiciones de conciertos y talleres.<\/div>\n<\/div><\/div><\/div><\/div><div id=\"pg-57-2\"  class=\"panel-grid panel-no-style\" ><div id=\"pgc-57-2-0\"  class=\"panel-grid-cell\" ><div id=\"panel-57-2-0-0\" class=\"so-panel widget widget_black-studio-tinymce widget_black_studio_tinymce panel-first-child panel-last-child\" data-index=\"4\" ><h3 class=\"widget-title\">BAJO EL CIELO DE SEFARAD \u2013 oferta de tres conciertos diferentes de la m\u00fasica sefard\u00ed en estilos diversos:<\/h3><div class=\"textwidget\"><\/div><\/div><\/div><\/div><div id=\"pg-57-3\"  class=\"panel-grid panel-no-style\" ><div id=\"pgc-57-3-0\"  class=\"panel-grid-cell\" ><div id=\"panel-57-3-0-0\" class=\"so-panel widget widget_black-studio-tinymce widget_black_studio_tinymce panel-first-child panel-last-child\" data-index=\"5\" ><div class=\"textwidget\"><div><a href=\"http:\/\/annariveiro.com\/es\/musical-projects\/sephardic-impressions\/\" target=\"\"><span style=\"font-size: 16px; color: #ff6600;\"><span style=\"font-size: 20px;\">TRANS\u2019SEFARAD<\/span> - Impresiones sefard\u00edes<\/span><\/a><\/div>\n<div style=\"text-align: left;\"><div class=\"su-youtube su-u-responsive-media-yes\"><iframe loading=\"lazy\" width=\"340\" height=\"200\" src=\"https:\/\/www.youtube.com\/embed\/Ju9PQoP2kd0?autohide=2&amp;autoplay=0&amp;mute=0&amp;controls=1&amp;fs=1&amp;loop=0&amp;modestbranding=0&amp;rel=0&amp;showinfo=1&amp;theme=dark&amp;wmode=&amp;playsinline=0\" frameborder=\"0\" allowfullscreen allow=\"autoplay; encrypted-media; picture-in-picture\" title=\"\"><\/iframe><\/div><\/div>\n<div><em><a href=\"http:\/\/annariveiro.com\/es\/musical-projects\/sephardic-impressions\/\" target=\"\">m\u00e1s sobre el programa<\/a><\/em><\/div>\n<div>\u00a0<\/div>\n<div>\u00a0<\/div>\n<div><a href=\"http:\/\/annariveiro.com\/es\/musical-projects\/adio-querida\/\" target=\"\"><span style=\"color: #ff6600;\"><span style=\"font-size: 20px;\">ADIO QUERIDA<span style=\"font-size: 16px; color: #ff6600;\"> - <\/span><\/span><\/span><span style=\"font-size: 16px; color: #ff6600;\">Canciones sefard\u00edes con la guitarra<\/span><\/a><\/div>\n<div><div class=\"su-youtube su-u-responsive-media-yes\"><iframe loading=\"lazy\" width=\"340\" height=\"200\" src=\"https:\/\/www.youtube.com\/embed\/qS9Oj-rrnBY?autohide=2&amp;autoplay=0&amp;mute=0&amp;controls=1&amp;fs=1&amp;loop=0&amp;modestbranding=0&amp;rel=0&amp;showinfo=1&amp;theme=dark&amp;wmode=&amp;playsinline=0\" frameborder=\"0\" allowfullscreen allow=\"autoplay; encrypted-media; picture-in-picture\" title=\"\"><\/iframe><\/div><\/div>\n<div><em><a href=\"http:\/\/annariveiro.com\/es\/musical-projects\/adio-querida\/\" target=\"\">m\u00e1s sobre el programa<\/a><\/em><\/div>\n<\/div><\/div><\/div><div id=\"pgc-57-3-1\"  class=\"panel-grid-cell\" ><div id=\"panel-57-3-1-0\" class=\"so-panel widget widget_black-studio-tinymce widget_black_studio_tinymce panel-first-child panel-last-child\" data-index=\"6\" ><div class=\"textwidget\"><div><a href=\"http:\/\/annariveiro.com\/es\/musical-projects\/lunas-olvidadas\/\" target=\"\"><span style=\"color: #ff6600;\"><span style=\"font-size: 16px;\"><span style=\"font-size: 20px;\">LUNAS OLVIDADAS<\/span> - Canciones sefard\u00edes de estilo oriental<\/span><\/span><\/a><\/div>\n<div style=\"text-align: left;\"><div class=\"su-youtube su-u-responsive-media-yes\"><iframe loading=\"lazy\" width=\"340\" height=\"200\" src=\"https:\/\/www.youtube.com\/embed\/tH1iwtFBjYU?autohide=2&amp;autoplay=0&amp;mute=0&amp;controls=1&amp;fs=1&amp;loop=0&amp;modestbranding=0&amp;rel=0&amp;showinfo=1&amp;theme=dark&amp;wmode=&amp;playsinline=0\" frameborder=\"0\" allowfullscreen allow=\"autoplay; encrypted-media; picture-in-picture\" title=\"\"><\/iframe><\/div><\/div>\n<div style=\"text-align: left;\"><em><a href=\"http:\/\/annariveiro.com\/es\/musical-projects\/lunas-olvidadas\/\" target=\"\">m\u00e1s sobre el programa<\/a><\/em><\/div>\n<div>\u00a0<\/div>\n<div>\u00a0<\/div>\n<div><a href=\"http:\/\/annariveiro.com\/es\/musical-projects\/dos-amantes\/\" target=\"\"><span style=\"font-size: 16px; color: #ff6600;\"><span style=\"font-size: 20px;\">DOS AMANTES<\/span> - Canciones sefard\u00edes con notas de klezmer<\/span><\/a><\/div>\n<div style=\"text-align: left;\"><div class=\"su-youtube su-u-responsive-media-yes\"><iframe loading=\"lazy\" width=\"340\" height=\"200\" src=\"https:\/\/www.youtube.com\/embed\/_qg1OxPsKbw?autohide=2&amp;autoplay=0&amp;mute=0&amp;controls=1&amp;fs=1&amp;loop=0&amp;modestbranding=0&amp;rel=0&amp;showinfo=1&amp;theme=dark&amp;wmode=&amp;playsinline=0\" frameborder=\"0\" allowfullscreen allow=\"autoplay; encrypted-media; picture-in-picture\" title=\"\"><\/iframe><\/div><\/div>\n<div><em><a href=\"http:\/\/annariveiro.com\/es\/musical-projects\/dos-amantes\/\" target=\"\">m\u00e1s sobre el programa<\/a><\/em><\/div>\n<\/div><\/div><\/div><\/div><div id=\"pg-57-4\"  class=\"panel-grid panel-no-style\" ><div id=\"pgc-57-4-0\"  class=\"panel-grid-cell\" ><div id=\"panel-57-4-0-0\" class=\"so-panel widget widget_black-studio-tinymce widget_black_studio_tinymce panel-first-child panel-last-child\" data-index=\"7\" ><div class=\"textwidget\"><div style=\"text-align: justify;\">\u00a0<\/div>\n<div style=\"text-align: justify;\"><strong><span style=\"font-size: 14px; color: #ffff99;\">Despu\u00e9s de cada concierto hay una posibilidad de dirigir un corto taller de canto \/ ense\u0148ar las canciones para el p\u00fablico. Tambi\u00e9n se puede organizar un taller independiente m\u00e1s largo de canciones sefard\u00edes.<\/span><\/strong><\/div>\n<div style=\"text-align: justify;\">\u00a0<\/div>\n<div style=\"text-align: justify;\"><span style=\"font-size: 16px; color: #ff6600;\"><strong><a style=\"color: #ff6600;\" href=\"http:\/\/annariveiro.com\/es\/talleres-vocales\/\" target=\"\">TALLER DE CANCIONES SEFARDIES<\/a><\/strong><\/span><\/div>\n<div style=\"text-align: justify;\"><span style=\"color: #ff6600;\"><em><a style=\"color: #ff6600;\" href=\"http:\/\/annariveiro.com\/es\/talleres-vocales\/\" target=\"\">descripci\u00f3n del taller<\/a><\/em><\/span><\/div>\n<\/div><\/div><\/div><\/div><\/div>","protected":false},"excerpt":{"rendered":"<p>La m\u00fasica sefard\u00ed es la m\u00fasica de los jud\u00edos que en la Edad Media viv\u00edan en la Pen\u00ednsula Ib\u00e9rica. Proviene de la Espa\u0148a Medieval, o Sefarad, como se llamaba en hebreo.\u00a0The end of the Musulman reign on the Peninsula (at the end of XVth century) and the expultion of Sephardi Jews was the cause why [&hellip;]<\/p>\n","protected":false},"author":2,"featured_media":0,"parent":0,"menu_order":0,"comment_status":"open","ping_status":"open","template":"page-sefardyjska.php","meta":{"slim_seo":{"title":"musica sefardi - Anna Riveiro ES","description":"La m\u00fasica sefard\u00ed es la m\u00fasica de los jud\u00edos que en la Edad Media viv\u00edan en la Pen\u00ednsula Ib\u00e9rica. Proviene de la Espa\u0148a Medieval, o Sefarad, como se llamaba en"},"footnotes":""},"class_list":["post-57","page","type-page","status-publish","hentry","wpautop"],"_links":{"self":[{"href":"https:\/\/annariveiro.com\/es\/wp-json\/wp\/v2\/pages\/57","targetHints":{"allow":["GET"]}}],"collection":[{"href":"https:\/\/annariveiro.com\/es\/wp-json\/wp\/v2\/pages"}],"about":[{"href":"https:\/\/annariveiro.com\/es\/wp-json\/wp\/v2\/types\/page"}],"author":[{"embeddable":true,"href":"https:\/\/annariveiro.com\/es\/wp-json\/wp\/v2\/users\/2"}],"replies":[{"embeddable":true,"href":"https:\/\/annariveiro.com\/es\/wp-json\/wp\/v2\/comments?post=57"}],"version-history":[{"count":13,"href":"https:\/\/annariveiro.com\/es\/wp-json\/wp\/v2\/pages\/57\/revisions"}],"predecessor-version":[{"id":2636,"href":"https:\/\/annariveiro.com\/es\/wp-json\/wp\/v2\/pages\/57\/revisions\/2636"}],"wp:attachment":[{"href":"https:\/\/annariveiro.com\/es\/wp-json\/wp\/v2\/media?parent=57"}],"curies":[{"name":"wp","href":"https:\/\/api.w.org\/{rel}","templated":true}]}}