{"id":574,"date":"2015-04-08T23:20:24","date_gmt":"2015-04-08T21:20:24","guid":{"rendered":"http:\/\/annariveiro.com\/es\/?page_id=574"},"modified":"2021-08-16T00:00:19","modified_gmt":"2021-08-15T22:00:19","slug":"lunas-olvidadas","status":"publish","type":"page","link":"https:\/\/annariveiro.com\/es\/proyectos-musicales\/musica-sefardi\/lunas-olvidadas\/","title":{"rendered":"LUNAS OLVIDADAS"},"content":{"rendered":"<div id=\"pl-574\"  class=\"panel-layout\" ><div id=\"pg-574-0\"  class=\"panel-grid panel-no-style\" ><div id=\"pgc-574-0-0\"  class=\"panel-grid-cell\" ><div id=\"panel-574-0-0-0\" class=\"so-panel widget widget_black-studio-tinymce widget_black_studio_tinymce panel-first-child panel-last-child\" data-index=\"0\" ><div class=\"textwidget\"><div style=\"text-align: justify\"><span style=\"color: #ff9900\"><span style=\"font-size: 16px\"><span style=\"font-size: 20px\">LUNAS OLVIDADAS -<\/span> Canciones sefard\u00edes en estilo oriental<\/span><\/span><\/div>\n<p style=\"text-align: justify\">Las canciones incluidas en el programa LUNAS OLVIDADAS se cantan en el idioma original llamado ladino y se refieren a las tradiciones interpretativas de la Espa\u0148a medieval as\u00ed como al estilo de interpretar las canciones sefard\u00edes en la parte \u00e1rabe de la cuenca del Mar Mediterr\u00e1neo.<\/p>\n<p style=\"text-align: justify\">Los instrumentos y los arreglos de las canciones subrayan las influencias orientales en la m\u00fasica sefard\u00ed. En abril 2009 se produjo el <a href=\"http:\/\/annariveiro.com\/es\/discography\/lunas-olvidadas-sephardic-songs\/\" target=\"\">CD LUNAS OLVIDADAS<\/a> publicado por la editorial RIVEIRO Music.<\/p>\n<p style=\"text-align: justify\">En abril 2011 el programa fue presentado durante la ceremonia de abrir la \u00fanica sinagoga sefard\u00ed en Polonia restaurada en Zamo\u015b\u0107 as\u00ed como en el X FESTIVAL INTERNACIONAL DE LA MUSICA SEFARDI en C\u00f3rdoba (Espa\u0148a).<\/p>\n<div style=\"text-align: justify\"><span style=\"font-size: 14px\"><span style=\"color: #ffff99\"><strong>Anna Riveiro ensemble:<\/strong><\/span><br \/> <strong>Anna Jagielska-Riveiro:<\/strong> canto, guitarra, direcci\u00f3n art\u00edstica.<br \/> <strong>Marta Ma\u015blanka:<\/strong> santur. <\/span><\/div>\n<div style=\"text-align: justify\"><span style=\"font-size: 14px\"><strong>Wojciech Lubertowicz:<\/strong> instrumentos de percusi\u00f3n. <\/span><\/div>\n<div style=\"text-align: justify\"><span style=\"font-size: 14px\"><strong>Micha\u0142 Pindakiewicz:<\/strong> guitarra. <\/span><\/div>\n<div style=\"text-align: justify\"><span style=\"font-size: 14px\"><strong>Mohammad Rasouli:<\/strong> flautas ney, kaval, duduk.<br \/><\/span><\/div>\n<\/div><\/div><\/div><div id=\"pgc-574-0-1\"  class=\"panel-grid-cell\" ><div id=\"panel-574-0-1-0\" class=\"so-panel widget widget_black-studio-tinymce widget_black_studio_tinymce panel-first-child panel-last-child\" data-index=\"1\" ><div class=\"textwidget\"><div><strong><span style=\"color: #ffff99;\">LUNAS OLVIDADAS at Jazz Jamboree (2012)<\/span><\/strong><\/div>\n<div>\u00a0<\/div>\n<div><div class=\"su-youtube su-u-responsive-media-yes\"><iframe loading=\"lazy\" width=\"340\" height=\"200\" src=\"https:\/\/www.youtube.com\/embed\/-OCuvoYp-tU?\" frameborder=\"0\" allowfullscreen allow=\"autoplay; encrypted-media; picture-in-picture\" title=\"\"><\/iframe><\/div><\/div>\n<\/div><\/div><\/div><\/div><div id=\"pg-574-1\"  class=\"panel-grid panel-no-style\" ><div id=\"pgc-574-1-0\"  class=\"panel-grid-cell\" ><div id=\"panel-574-1-0-0\" class=\"so-panel widget widget_black-studio-tinymce widget_black_studio_tinymce panel-first-child panel-last-child\" data-index=\"2\" ><div class=\"textwidget\"><div><strong><span style=\"color: #ffff99;\">LUNAS OLVIDADAS at Chanterelle Festival (2012)<\/span><\/strong><\/div>\n<div>\u00a0<\/div>\n<div><div class=\"su-youtube su-u-responsive-media-yes\"><iframe loading=\"lazy\" width=\"340\" height=\"200\" src=\"https:\/\/www.youtube.com\/embed\/NeLL4iVciy8?\" frameborder=\"0\" allowfullscreen allow=\"autoplay; encrypted-media; picture-in-picture\" title=\"\"><\/iframe><\/div><\/div>\n<\/div><\/div><\/div><div id=\"pgc-574-1-1\"  class=\"panel-grid-cell\" ><div id=\"panel-574-1-1-0\" class=\"so-panel widget widget_black-studio-tinymce widget_black_studio_tinymce panel-first-child panel-last-child\" data-index=\"3\" ><div class=\"textwidget\"><div><strong><span style=\"color: #ffff99;\">LUNAS OLVIDADAS at Festival of Sephardic Music in Cordoba (Spain, 2011)<\/span><\/strong><\/div>\n<div>\u00a0<\/div>\n<div><div class=\"su-youtube su-u-responsive-media-yes\"><iframe loading=\"lazy\" width=\"340\" height=\"200\" src=\"https:\/\/www.youtube.com\/embed\/tH1iwtFBjYU?\" frameborder=\"0\" allowfullscreen allow=\"autoplay; encrypted-media; picture-in-picture\" title=\"\"><\/iframe><\/div><\/div>\n<\/div><\/div><\/div><\/div><\/div>","protected":false},"excerpt":{"rendered":"<p>LUNAS OLVIDADAS &#8211; Canciones sefard\u00edes en estilo orientalLas canciones incluidas en el programa LUNAS OLVIDADAS se cantan en el idioma original llamado ladino y se refieren a las tradiciones interpretativas de la Espa\u0148a medieval as\u00ed como al estilo de interpretar las canciones sefard\u00edes en la parte \u00e1rabe de la cuenca del Mar Mediterr\u00e1neo.Los instrumentos y [&hellip;]<\/p>\n","protected":false},"author":2,"featured_media":0,"parent":2547,"menu_order":0,"comment_status":"closed","ping_status":"open","template":"","meta":{"slim_seo":{"title":"LUNAS OLVIDADAS - Anna Riveiro ES","description":"LUNAS OLVIDADAS - Canciones sefard\u00edes en estilo oriental Las canciones incluidas en el programa LUNAS OLVIDADAS se cantan en el idioma original llamado ladino y"},"footnotes":""},"class_list":["post-574","page","type-page","status-publish","hentry","wpautop"],"_links":{"self":[{"href":"https:\/\/annariveiro.com\/es\/wp-json\/wp\/v2\/pages\/574","targetHints":{"allow":["GET"]}}],"collection":[{"href":"https:\/\/annariveiro.com\/es\/wp-json\/wp\/v2\/pages"}],"about":[{"href":"https:\/\/annariveiro.com\/es\/wp-json\/wp\/v2\/types\/page"}],"author":[{"embeddable":true,"href":"https:\/\/annariveiro.com\/es\/wp-json\/wp\/v2\/users\/2"}],"replies":[{"embeddable":true,"href":"https:\/\/annariveiro.com\/es\/wp-json\/wp\/v2\/comments?post=574"}],"version-history":[{"count":11,"href":"https:\/\/annariveiro.com\/es\/wp-json\/wp\/v2\/pages\/574\/revisions"}],"predecessor-version":[{"id":3684,"href":"https:\/\/annariveiro.com\/es\/wp-json\/wp\/v2\/pages\/574\/revisions\/3684"}],"up":[{"embeddable":true,"href":"https:\/\/annariveiro.com\/es\/wp-json\/wp\/v2\/pages\/2547"}],"wp:attachment":[{"href":"https:\/\/annariveiro.com\/es\/wp-json\/wp\/v2\/media?parent=574"}],"curies":[{"name":"wp","href":"https:\/\/api.w.org\/{rel}","templated":true}]}}