{"id":585,"date":"2015-04-08T23:40:28","date_gmt":"2015-04-08T21:40:28","guid":{"rendered":"http:\/\/annariveiro.com\/es\/?page_id=585"},"modified":"2023-11-15T22:11:41","modified_gmt":"2023-11-15T21:11:41","slug":"adio-querida","status":"publish","type":"page","link":"https:\/\/annariveiro.com\/es\/proyectos-musicales\/musica-sefardi\/adio-querida\/","title":{"rendered":"ADIO QUERIDA"},"content":{"rendered":"<div id=\"pl-585\"  class=\"panel-layout\" ><div id=\"pg-585-0\"  class=\"panel-grid panel-no-style\" ><div id=\"pgc-585-0-0\"  class=\"panel-grid-cell\" ><div id=\"panel-585-0-0-0\" class=\"so-panel widget widget_black-studio-tinymce widget_black_studio_tinymce panel-first-child panel-last-child\" data-index=\"0\" ><div class=\"textwidget\"><div><span style=\"font-size: 16px;color: #ff9900\"><span style=\"font-size: 20px\">ADIO QUERIDA -\u00a0<\/span>Canciones sefard\u00edes con la guitarra<\/span><\/div>\n<p style=\"text-align: justify\">Los arreglos de las canciones sefard\u00edes para dos guitarras evocan la union de esta m\u00fasica con la cultura de Espa\u0148a.<\/p>\n<p style=\"text-align: justify\">El tema principal del concierto es amor. Diversos emociones, a veces muy violentas, son subrayadas en el canto gracias a los ornamentos parecidos a las antiguas practicas de realizaci\u00f3n de la m\u00fasica.<\/p>\n<p style=\"text-align: justify\">En 2011 el programa fue presentado en Mejico en los festivales de la musica antigua y la musica del mundo: XIX FESTIVAL DEL ORGANO BARROCO y el Festival SAN MIGUEL CANTADOR.<\/p>\n<div style=\"text-align: justify\">\n<div style=\"text-align: justify\"><span style=\"color: #ffff99\"><strong>Artistas:<\/strong><\/span><br \/> <strong>Anna Jagielska-Riveiro:<\/strong> canto, guitarra.<br \/> <strong>Micha\u0142 Pindakiewicz:<\/strong> guitarra.<\/div>\n<\/div>\n<\/div><\/div><\/div><div id=\"pgc-585-0-1\"  class=\"panel-grid-cell\" ><div id=\"panel-585-0-1-0\" class=\"so-panel widget widget_black-studio-tinymce widget_black_studio_tinymce panel-first-child panel-last-child\" data-index=\"1\" ><div class=\"textwidget\"><p><div class=\"su-youtube su-u-responsive-media-yes\"><iframe loading=\"lazy\" width=\"420\" height=\"240\" src=\"https:\/\/www.youtube.com\/embed\/9xD5uhcxWPU?\" frameborder=\"0\" allowfullscreen allow=\"autoplay; encrypted-media; picture-in-picture\" title=\"\"><\/iframe><\/div><\/p>\n<\/div><\/div><\/div><\/div><div id=\"pg-585-1\"  class=\"panel-grid panel-no-style\" ><div id=\"pgc-585-1-0\"  class=\"panel-grid-cell\" ><div id=\"panel-585-1-0-0\" class=\"so-panel widget widget_black-studio-tinymce widget_black_studio_tinymce panel-first-child panel-last-child\" data-index=\"2\" ><div class=\"textwidget\"><div><div class=\"su-youtube su-u-responsive-media-yes\"><iframe loading=\"lazy\" width=\"340\" height=\"200\" src=\"https:\/\/www.youtube.com\/embed\/h58rJ3HZdzQ?\" frameborder=\"0\" allowfullscreen allow=\"autoplay; encrypted-media; picture-in-picture\" title=\"\"><\/iframe><\/div><\/div>\n<\/div><\/div><\/div><div id=\"pgc-585-1-1\"  class=\"panel-grid-cell\" ><div id=\"panel-585-1-1-0\" class=\"so-panel widget widget_black-studio-tinymce widget_black_studio_tinymce panel-first-child panel-last-child\" data-index=\"3\" ><div class=\"textwidget\"><div><div class=\"su-youtube su-u-responsive-media-yes\"><iframe loading=\"lazy\" width=\"340\" height=\"200\" src=\"https:\/\/www.youtube.com\/embed\/tgOjE0jMq9I?\" frameborder=\"0\" allowfullscreen allow=\"autoplay; encrypted-media; picture-in-picture\" title=\"\"><\/iframe><\/div><\/div>\n<\/div><\/div><\/div><\/div><div id=\"pg-585-2\"  class=\"panel-grid panel-no-style\" ><div id=\"pgc-585-2-0\"  class=\"panel-grid-cell\" ><div id=\"panel-585-2-0-0\" class=\"so-panel widget widget_black-studio-tinymce widget_black_studio_tinymce panel-first-child panel-last-child\" data-index=\"4\" ><div class=\"textwidget\"><\/div><\/div><\/div><div id=\"pgc-585-2-1\"  class=\"panel-grid-cell\" ><div id=\"panel-585-2-1-0\" class=\"so-panel widget widget_black-studio-tinymce widget_black_studio_tinymce panel-first-child panel-last-child\" data-index=\"5\" ><div class=\"textwidget\"><\/div><\/div><\/div><\/div><\/div>","protected":false},"excerpt":{"rendered":"<p>ADIO QUERIDA &#8211;\u00a0Canciones sefard\u00edes con la guitarraLos arreglos de las canciones sefard\u00edes para dos guitarras evocan la union de esta m\u00fasica con la cultura de Espa\u0148a.El tema principal del concierto es amor. Diversos emociones, a veces muy violentas, son subrayadas en el canto gracias a los ornamentos parecidos a las antiguas practicas de realizaci\u00f3n de [&hellip;]<\/p>\n","protected":false},"author":2,"featured_media":0,"parent":2547,"menu_order":0,"comment_status":"closed","ping_status":"open","template":"","meta":{"slim_seo":{"title":"ADIO QUERIDA - Anna Riveiro ES","description":"ADIO QUERIDA -\u00a0 Canciones sefard\u00edes con la guitarra Los arreglos de las canciones sefard\u00edes para dos guitarras evocan la union de esta m\u00fasica con la cultura de"},"footnotes":""},"class_list":["post-585","page","type-page","status-publish","hentry","wpautop"],"_links":{"self":[{"href":"https:\/\/annariveiro.com\/es\/wp-json\/wp\/v2\/pages\/585","targetHints":{"allow":["GET"]}}],"collection":[{"href":"https:\/\/annariveiro.com\/es\/wp-json\/wp\/v2\/pages"}],"about":[{"href":"https:\/\/annariveiro.com\/es\/wp-json\/wp\/v2\/types\/page"}],"author":[{"embeddable":true,"href":"https:\/\/annariveiro.com\/es\/wp-json\/wp\/v2\/users\/2"}],"replies":[{"embeddable":true,"href":"https:\/\/annariveiro.com\/es\/wp-json\/wp\/v2\/comments?post=585"}],"version-history":[{"count":11,"href":"https:\/\/annariveiro.com\/es\/wp-json\/wp\/v2\/pages\/585\/revisions"}],"predecessor-version":[{"id":3771,"href":"https:\/\/annariveiro.com\/es\/wp-json\/wp\/v2\/pages\/585\/revisions\/3771"}],"up":[{"embeddable":true,"href":"https:\/\/annariveiro.com\/es\/wp-json\/wp\/v2\/pages\/2547"}],"wp:attachment":[{"href":"https:\/\/annariveiro.com\/es\/wp-json\/wp\/v2\/media?parent=585"}],"curies":[{"name":"wp","href":"https:\/\/api.w.org\/{rel}","templated":true}]}}